{"id":12,"date":"2025-02-06T12:03:02","date_gmt":"2025-02-06T15:03:02","guid":{"rendered":"https:\/\/ergosolucoes.com.br\/?page_id=12"},"modified":"2025-04-19T14:55:09","modified_gmt":"2025-04-19T17:55:09","slug":"sobre","status":"publish","type":"page","link":"https:\/\/ergosolucoes.com.br\/?page_id=12","title":{"rendered":"Sobre"},"content":{"rendered":"\t\t<div data-elementor-type=\"wp-page\" data-elementor-id=\"12\" class=\"elementor elementor-12\" data-elementor-post-type=\"page\">\n\t\t\t\t<div class=\"elementor-element elementor-element-55e2f3cb e-flex e-con-boxed e-con e-parent\" data-id=\"55e2f3cb\" data-element_type=\"container\" data-settings=\"{&quot;background_background&quot;:&quot;classic&quot;}\">\n\t\t\t\t\t<div class=\"e-con-inner\">\n\t\t\t\t<div class=\"elementor-element elementor-element-d49a27f elementor-widget-divider--view-line_text elementor-widget-divider--element-align-center elementor-widget elementor-widget-divider\" data-id=\"d49a27f\" data-element_type=\"widget\" data-widget_type=\"divider.default\">\n\t\t\t\t<div class=\"elementor-widget-container\">\n\t\t\t\t\t\t\t<div class=\"elementor-divider\">\n\t\t\t<span class=\"elementor-divider-separator\">\n\t\t\t\t\t\t\t<span class=\"elementor-divider__text elementor-divider__element\">\n\t\t\t\tSobre n\u00f3s\t\t\t\t<\/span>\n\t\t\t\t\t\t<\/span>\n\t\t<\/div>\n\t\t\t\t\t\t<\/div>\n\t\t\t\t<\/div>\n\t\t\t\t<div class=\"elementor-element elementor-element-c9a984f elementor-widget elementor-widget-icon-box\" data-id=\"c9a984f\" data-element_type=\"widget\" data-widget_type=\"icon-box.default\">\n\t\t\t\t<div class=\"elementor-widget-container\">\n\t\t\t\t\t\t\t<div class=\"elementor-icon-box-wrapper\">\n\n\t\t\t\n\t\t\t\t\t\t<div class=\"elementor-icon-box-content\">\n\n\t\t\t\t\t\t\t\t\t<h2 class=\"elementor-icon-box-title\">\n\t\t\t\t\t\t<span  >\n\t\t\t\t\t\t\tProfissionais experientes transformam desafios em solu\u00e7\u00f5es com efici\u00eancia e precis\u00e3o.\t\t\t\t\t\t<\/span>\n\t\t\t\t\t<\/h2>\n\t\t\t\t\n\t\t\t\t\t\t\t\t\t<p class=\"elementor-icon-box-description\">\n\t\t\t\t\t\tUnimos experi\u00eancia, criatividade e excel\u00eancia t\u00e9cnica para entregarmos projetos que superam as expectativas.\t\t\t\t\t<\/p>\n\t\t\t\t\n\t\t\t<\/div>\n\t\t\t\n\t\t<\/div>\n\t\t\t\t\t\t<\/div>\n\t\t\t\t<\/div>\n\t\t\t\t\t<\/div>\n\t\t\t\t<\/div>\n\t\t<div class=\"elementor-element elementor-element-5fe1c901 e-flex e-con-boxed e-con e-parent\" data-id=\"5fe1c901\" data-element_type=\"container\">\n\t\t\t\t\t<div class=\"e-con-inner\">\n\t\t<div class=\"elementor-element elementor-element-1b5f2fac e-con-full e-flex e-con e-child\" data-id=\"1b5f2fac\" data-element_type=\"container\" data-settings=\"{&quot;background_background&quot;:&quot;classic&quot;}\">\n\t\t\t\t<div class=\"elementor-element elementor-element-4826f511 elementor-widget__width-initial elementor-widget elementor-widget-icon-box\" data-id=\"4826f511\" data-element_type=\"widget\" data-widget_type=\"icon-box.default\">\n\t\t\t\t<div class=\"elementor-widget-container\">\n\t\t\t\t\t\t\t<div class=\"elementor-icon-box-wrapper\">\n\n\t\t\t\n\t\t\t\t\t\t<div class=\"elementor-icon-box-content\">\n\n\t\t\t\t\t\t\t\t\t<h2 class=\"elementor-icon-box-title\">\n\t\t\t\t\t\t<span  >\n\t\t\t\t\t\t\tTornando espa\u00e7os em espa\u00e7os funcionais.\t\t\t\t\t\t<\/span>\n\t\t\t\t\t<\/h2>\n\t\t\t\t\n\t\t\t\t\t\t\t\t\t<p class=\"elementor-icon-box-description\">\n\t\t\t\t\t\tUma consultoria bem feita vai al\u00e9m do diagn\u00f3stico \u2013 ela entrega solu\u00e7\u00f5es eficientes e personalizadas. Na ERGO SOLU\u00c7\u00d5ES, unimos experi\u00eancia e tecnologia para otimizar o ambiente de trabalho, promovendo sa\u00fade e alto desempenho. Conte com especialistas para transformar a ergonomia da sua empresa!\t\t\t\t\t<\/p>\n\t\t\t\t\n\t\t\t<\/div>\n\t\t\t\n\t\t<\/div>\n\t\t\t\t\t\t<\/div>\n\t\t\t\t<\/div>\n\t\t\t\t<div class=\"elementor-element elementor-element-39e9758b elementor-position-left elementor-mobile-position-left elementor-view-default elementor-invisible elementor-widget elementor-widget-icon-box\" data-id=\"39e9758b\" data-element_type=\"widget\" data-settings=\"{&quot;_animation&quot;:&quot;fadeInUp&quot;}\" data-widget_type=\"icon-box.default\">\n\t\t\t\t<div class=\"elementor-widget-container\">\n\t\t\t\t\t\t\t<div class=\"elementor-icon-box-wrapper\">\n\n\t\t\t\t\t\t<div class=\"elementor-icon-box-icon\">\n\t\t\t\t<span  class=\"elementor-icon\">\n\t\t\t\t<svg aria-hidden=\"true\" class=\"e-font-icon-svg e-fas-layer-group\" viewBox=\"0 0 512 512\" xmlns=\"http:\/\/www.w3.org\/2000\/svg\"><path d=\"M12.41 148.02l232.94 105.67c6.8 3.09 14.49 3.09 21.29 0l232.94-105.67c16.55-7.51 16.55-32.52 0-40.03L266.65 2.31a25.607 25.607 0 0 0-21.29 0L12.41 107.98c-16.55 7.51-16.55 32.53 0 40.04zm487.18 88.28l-58.09-26.33-161.64 73.27c-7.56 3.43-15.59 5.17-23.86 5.17s-16.29-1.74-23.86-5.17L70.51 209.97l-58.1 26.33c-16.55 7.5-16.55 32.5 0 40l232.94 105.59c6.8 3.08 14.49 3.08 21.29 0L499.59 276.3c16.55-7.5 16.55-32.5 0-40zm0 127.8l-57.87-26.23-161.86 73.37c-7.56 3.43-15.59 5.17-23.86 5.17s-16.29-1.74-23.86-5.17L70.29 337.87 12.41 364.1c-16.55 7.5-16.55 32.5 0 40l232.94 105.59c6.8 3.08 14.49 3.08 21.29 0L499.59 404.1c16.55-7.5 16.55-32.5 0-40z\"><\/path><\/svg>\t\t\t\t<\/span>\n\t\t\t<\/div>\n\t\t\t\n\t\t\t\t\t\t<div class=\"elementor-icon-box-content\">\n\n\t\t\t\t\t\t\t\t\t<div class=\"elementor-icon-box-title\">\n\t\t\t\t\t\t<span  >\n\t\t\t\t\t\t\tServi\u00e7os personalizados\t\t\t\t\t\t<\/span>\n\t\t\t\t\t<\/div>\n\t\t\t\t\n\t\t\t\t\t\t\t\t\t<p class=\"elementor-icon-box-description\">\n\t\t\t\t\t\tOferecemos servi\u00e7os personalizados que se adaptam \u00e0 realidade e \u00e0s necessidades espec\u00edficas de cada cliente.\t\t\t\t\t<\/p>\n\t\t\t\t\n\t\t\t<\/div>\n\t\t\t\n\t\t<\/div>\n\t\t\t\t\t\t<\/div>\n\t\t\t\t<\/div>\n\t\t\t\t<div class=\"elementor-element elementor-element-ff1d594 elementor-position-left elementor-mobile-position-left elementor-view-default elementor-invisible elementor-widget elementor-widget-icon-box\" data-id=\"ff1d594\" data-element_type=\"widget\" data-settings=\"{&quot;_animation&quot;:&quot;fadeInUp&quot;}\" data-widget_type=\"icon-box.default\">\n\t\t\t\t<div class=\"elementor-widget-container\">\n\t\t\t\t\t\t\t<div class=\"elementor-icon-box-wrapper\">\n\n\t\t\t\t\t\t<div class=\"elementor-icon-box-icon\">\n\t\t\t\t<span  class=\"elementor-icon\">\n\t\t\t\t<svg aria-hidden=\"true\" class=\"e-font-icon-svg e-fas-layer-group\" viewBox=\"0 0 512 512\" xmlns=\"http:\/\/www.w3.org\/2000\/svg\"><path d=\"M12.41 148.02l232.94 105.67c6.8 3.09 14.49 3.09 21.29 0l232.94-105.67c16.55-7.51 16.55-32.52 0-40.03L266.65 2.31a25.607 25.607 0 0 0-21.29 0L12.41 107.98c-16.55 7.51-16.55 32.53 0 40.04zm487.18 88.28l-58.09-26.33-161.64 73.27c-7.56 3.43-15.59 5.17-23.86 5.17s-16.29-1.74-23.86-5.17L70.51 209.97l-58.1 26.33c-16.55 7.5-16.55 32.5 0 40l232.94 105.59c6.8 3.08 14.49 3.08 21.29 0L499.59 276.3c16.55-7.5 16.55-32.5 0-40zm0 127.8l-57.87-26.23-161.86 73.37c-7.56 3.43-15.59 5.17-23.86 5.17s-16.29-1.74-23.86-5.17L70.29 337.87 12.41 364.1c-16.55 7.5-16.55 32.5 0 40l232.94 105.59c6.8 3.08 14.49 3.08 21.29 0L499.59 404.1c16.55-7.5 16.55-32.5 0-40z\"><\/path><\/svg>\t\t\t\t<\/span>\n\t\t\t<\/div>\n\t\t\t\n\t\t\t\t\t\t<div class=\"elementor-icon-box-content\">\n\n\t\t\t\t\t\t\t\t\t<div class=\"elementor-icon-box-title\">\n\t\t\t\t\t\t<span  >\n\t\t\t\t\t\t\tCompromisso com qualidade\t\t\t\t\t\t<\/span>\n\t\t\t\t\t<\/div>\n\t\t\t\t\n\t\t\t\t\t\t\t\t\t<p class=\"elementor-icon-box-description\">\n\t\t\t\t\t\tTemos um compromisso inabal\u00e1vel com a qualidade em cada etapa dos nossos servi\u00e7os. Desde o primeiro contato at\u00e9 a entrega final.\t\t\t\t\t<\/p>\n\t\t\t\t\n\t\t\t<\/div>\n\t\t\t\n\t\t<\/div>\n\t\t\t\t\t\t<\/div>\n\t\t\t\t<\/div>\n\t\t\t\t<\/div>\n\t\t<div class=\"elementor-element elementor-element-16fb9e23 e-con-full e-flex e-con e-child\" data-id=\"16fb9e23\" data-element_type=\"container\" data-settings=\"{&quot;background_background&quot;:&quot;classic&quot;}\">\n\t\t\t\t<div class=\"elementor-element elementor-element-5cd82341 elementor-widget__width-auto elementor-widget-mobile__width-inherit elementor-invisible elementor-widget elementor-widget-counter\" data-id=\"5cd82341\" data-element_type=\"widget\" data-settings=\"{&quot;_animation&quot;:&quot;fadeInDown&quot;}\" data-widget_type=\"counter.default\">\n\t\t\t\t<div class=\"elementor-widget-container\">\n\t\t\t\t\t\t\t<div class=\"elementor-counter\">\n\t\t\t<div class=\"elementor-counter-title\">Projetos conclu\u00eddos<\/div>\t\t\t<div class=\"elementor-counter-number-wrapper\">\n\t\t\t\t<span class=\"elementor-counter-number-prefix\"><\/span>\n\t\t\t\t<span class=\"elementor-counter-number\" data-duration=\"2000\" data-to-value=\"30\" data-from-value=\"0\" data-delimiter=\",\">0<\/span>\n\t\t\t\t<span class=\"elementor-counter-number-suffix\">+<\/span>\n\t\t\t<\/div>\n\t\t<\/div>\n\t\t\t\t\t\t<\/div>\n\t\t\t\t<\/div>\n\t\t\t\t<div class=\"elementor-element elementor-element-3d5c0aac elementor-widget__width-auto elementor-widget-mobile__width-inherit elementor-invisible elementor-widget elementor-widget-counter\" data-id=\"3d5c0aac\" data-element_type=\"widget\" data-settings=\"{&quot;_animation&quot;:&quot;fadeInDown&quot;}\" data-widget_type=\"counter.default\">\n\t\t\t\t<div class=\"elementor-widget-container\">\n\t\t\t\t\t\t\t<div class=\"elementor-counter\">\n\t\t\t<div class=\"elementor-counter-title\">Clientes satisfeitos<\/div>\t\t\t<div class=\"elementor-counter-number-wrapper\">\n\t\t\t\t<span class=\"elementor-counter-number-prefix\"><\/span>\n\t\t\t\t<span class=\"elementor-counter-number\" data-duration=\"2000\" data-to-value=\"36\" data-from-value=\"0\" data-delimiter=\",\">0<\/span>\n\t\t\t\t<span class=\"elementor-counter-number-suffix\">+<\/span>\n\t\t\t<\/div>\n\t\t<\/div>\n\t\t\t\t\t\t<\/div>\n\t\t\t\t<\/div>\n\t\t\t\t<\/div>\n\t\t\t\t\t<\/div>\n\t\t\t\t<\/div>\n\t\t<div class=\"elementor-element elementor-element-4df2798c e-flex e-con-boxed e-con e-parent\" data-id=\"4df2798c\" data-element_type=\"container\">\n\t\t\t\t\t<div class=\"e-con-inner\">\n\t\t<div class=\"elementor-element elementor-element-50145e60 e-con-full e-flex e-con e-child\" data-id=\"50145e60\" data-element_type=\"container\">\n\t\t\t\t<div class=\"elementor-element elementor-element-1780d614 elementor-widget elementor-widget-icon-box\" data-id=\"1780d614\" data-element_type=\"widget\" data-widget_type=\"icon-box.default\">\n\t\t\t\t<div class=\"elementor-widget-container\">\n\t\t\t\t\t\t\t<div class=\"elementor-icon-box-wrapper\">\n\n\t\t\t\n\t\t\t\t\t\t<div class=\"elementor-icon-box-content\">\n\n\t\t\t\t\t\t\t\t\t<h2 class=\"elementor-icon-box-title\">\n\t\t\t\t\t\t<span  >\n\t\t\t\t\t\t\tO que nos faz destacar?\t\t\t\t\t\t<\/span>\n\t\t\t\t\t<\/h2>\n\t\t\t\t\n\t\t\t\t\t\t\t\t\t<p class=\"elementor-icon-box-description\">\n\t\t\t\t\t\tO que nos faz destacar na ERGO SOLU\u00c7\u00d5ES \u00e9 a combina\u00e7\u00e3o de conhecimento t\u00e9cnico, atendimento humanizado e solu\u00e7\u00f5es sob medida para cada cliente. Enquanto muitos oferecem apenas diagn\u00f3sticos, n\u00f3s entregamos resultados pr\u00e1ticos que melhoram a sa\u00fade, aumentam a produtividade e reduzem riscos no ambiente de trabalho. Nosso compromisso com a qualidade, a inova\u00e7\u00e3o e a real transforma\u00e7\u00e3o ergon\u00f4mica \u00e9 o que nos torna refer\u00eancia no que fazemos.\n\n\n\n\n\n\n\n\n\t\t\t\t\t<\/p>\n\t\t\t\t\n\t\t\t<\/div>\n\t\t\t\n\t\t<\/div>\n\t\t\t\t\t\t<\/div>\n\t\t\t\t<\/div>\n\t\t\t\t<div class=\"elementor-element elementor-element-52c14f24 elementor-view-stacked elementor-position-left elementor-tablet-position-left elementor-shape-circle elementor-mobile-position-top elementor-invisible elementor-widget elementor-widget-icon-box\" data-id=\"52c14f24\" data-element_type=\"widget\" data-settings=\"{&quot;_animation&quot;:&quot;fadeInUp&quot;}\" data-widget_type=\"icon-box.default\">\n\t\t\t\t<div class=\"elementor-widget-container\">\n\t\t\t\t\t\t\t<div class=\"elementor-icon-box-wrapper\">\n\n\t\t\t\t\t\t<div class=\"elementor-icon-box-icon\">\n\t\t\t\t<span  class=\"elementor-icon\">\n\t\t\t\t<svg aria-hidden=\"true\" class=\"e-font-icon-svg e-fas-bezier-curve\" viewBox=\"0 0 640 512\" xmlns=\"http:\/\/www.w3.org\/2000\/svg\"><path d=\"M368 32h-96c-17.67 0-32 14.33-32 32v96c0 17.67 14.33 32 32 32h96c17.67 0 32-14.33 32-32V64c0-17.67-14.33-32-32-32zM208 88h-84.75C113.75 64.56 90.84 48 64 48 28.66 48 0 76.65 0 112s28.66 64 64 64c26.84 0 49.75-16.56 59.25-40h79.73c-55.37 32.52-95.86 87.32-109.54 152h49.4c11.3-41.61 36.77-77.21 71.04-101.56-3.7-8.08-5.88-16.99-5.88-26.44V88zm-48 232H64c-17.67 0-32 14.33-32 32v96c0 17.67 14.33 32 32 32h96c17.67 0 32-14.33 32-32v-96c0-17.67-14.33-32-32-32zM576 48c-26.84 0-49.75 16.56-59.25 40H432v72c0 9.45-2.19 18.36-5.88 26.44 34.27 24.35 59.74 59.95 71.04 101.56h49.4c-13.68-64.68-54.17-119.48-109.54-152h79.73c9.5 23.44 32.41 40 59.25 40 35.34 0 64-28.65 64-64s-28.66-64-64-64zm0 272h-96c-17.67 0-32 14.33-32 32v96c0 17.67 14.33 32 32 32h96c17.67 0 32-14.33 32-32v-96c0-17.67-14.33-32-32-32z\"><\/path><\/svg>\t\t\t\t<\/span>\n\t\t\t<\/div>\n\t\t\t\n\t\t\t\t\t\t<div class=\"elementor-icon-box-content\">\n\n\t\t\t\t\t\t\t\t\t<h3 class=\"elementor-icon-box-title\">\n\t\t\t\t\t\t<span  >\n\t\t\t\t\t\t\tAten\u00e7\u00e3o aos detalhes\t\t\t\t\t\t<\/span>\n\t\t\t\t\t<\/h3>\n\t\t\t\t\n\t\t\t\t\t\t\t\t\t<p class=\"elementor-icon-box-description\">\n\t\t\t\t\t\tCada an\u00e1lise, cada ajuste e cada recomenda\u00e7\u00e3o \u00e9 feita com olhar t\u00e9cnico e minucioso, considerando fatores que muitas vezes passam despercebidos, mas que impactam diretamente na sa\u00fade e na produtividade do colaborador.\t\t\t\t\t<\/p>\n\t\t\t\t\n\t\t\t<\/div>\n\t\t\t\n\t\t<\/div>\n\t\t\t\t\t\t<\/div>\n\t\t\t\t<\/div>\n\t\t\t\t<div class=\"elementor-element elementor-element-54b946e elementor-view-stacked elementor-position-left elementor-tablet-position-left elementor-shape-circle elementor-mobile-position-top elementor-invisible elementor-widget elementor-widget-icon-box\" data-id=\"54b946e\" data-element_type=\"widget\" data-settings=\"{&quot;_animation&quot;:&quot;fadeInUp&quot;}\" data-widget_type=\"icon-box.default\">\n\t\t\t\t<div class=\"elementor-widget-container\">\n\t\t\t\t\t\t\t<div class=\"elementor-icon-box-wrapper\">\n\n\t\t\t\t\t\t<div class=\"elementor-icon-box-icon\">\n\t\t\t\t<span  class=\"elementor-icon\">\n\t\t\t\t<svg aria-hidden=\"true\" class=\"e-font-icon-svg e-fas-user-shield\" viewBox=\"0 0 640 512\" xmlns=\"http:\/\/www.w3.org\/2000\/svg\"><path d=\"M622.3 271.1l-115.2-45c-4.1-1.6-12.6-3.7-22.2 0l-115.2 45c-10.7 4.2-17.7 14-17.7 24.9 0 111.6 68.7 188.8 132.9 213.9 9.6 3.7 18 1.6 22.2 0C558.4 489.9 640 420.5 640 296c0-10.9-7-20.7-17.7-24.9zM496 462.4V273.3l95.5 37.3c-5.6 87.1-60.9 135.4-95.5 151.8zM224 256c70.7 0 128-57.3 128-128S294.7 0 224 0 96 57.3 96 128s57.3 128 128 128zm96 40c0-2.5.8-4.8 1.1-7.2-2.5-.1-4.9-.8-7.5-.8h-16.7c-22.2 10.2-46.9 16-72.9 16s-50.6-5.8-72.9-16h-16.7C60.2 288 0 348.2 0 422.4V464c0 26.5 21.5 48 48 48h352c6.8 0 13.3-1.5 19.2-4-54-42.9-99.2-116.7-99.2-212z\"><\/path><\/svg>\t\t\t\t<\/span>\n\t\t\t<\/div>\n\t\t\t\n\t\t\t\t\t\t<div class=\"elementor-icon-box-content\">\n\n\t\t\t\t\t\t\t\t\t<h3 class=\"elementor-icon-box-title\">\n\t\t\t\t\t\t<span  >\n\t\t\t\t\t\t\tSeguran\u00e7a em primeiro lugar\t\t\t\t\t\t<\/span>\n\t\t\t\t\t<\/h3>\n\t\t\t\t\n\t\t\t\t\t\t\t\t\t<p class=\"elementor-icon-box-description\">\n\t\t\t\t\t\tColocamos a seguran\u00e7a em primeiro lugar porque entendemos que ela \u00e9 a base de um ambiente de trabalho saud\u00e1vel, produtivo e sustent\u00e1vel. Todas as nossas a\u00e7\u00f5es, desde a an\u00e1lise ergon\u00f4mica at\u00e9 a implementa\u00e7\u00e3o das solu\u00e7\u00f5es, s\u00e3o guiadas por normas t\u00e9cnicas, boas pr\u00e1ticas e foco total na preven\u00e7\u00e3o de riscos.\t\t\t\t\t<\/p>\n\t\t\t\t\n\t\t\t<\/div>\n\t\t\t\n\t\t<\/div>\n\t\t\t\t\t\t<\/div>\n\t\t\t\t<\/div>\n\t\t\t\t<\/div>\n\t\t<div class=\"elementor-element elementor-element-216aa70d e-con-full e-flex e-con e-child\" data-id=\"216aa70d\" data-element_type=\"container\" data-settings=\"{&quot;background_background&quot;:&quot;classic&quot;}\">\n\t\t\t\t<div class=\"elementor-element elementor-element-1b85cff8 elementor-widget elementor-widget-icon-box\" data-id=\"1b85cff8\" data-element_type=\"widget\" data-widget_type=\"icon-box.default\">\n\t\t\t\t<div class=\"elementor-widget-container\">\n\t\t\t\t\t\t\t<div class=\"elementor-icon-box-wrapper\">\n\n\t\t\t\n\t\t\t\t\t\t<div class=\"elementor-icon-box-content\">\n\n\t\t\t\t\t\t\t\t\t<h2 class=\"elementor-icon-box-title\">\n\t\t\t\t\t\t<span  >\n\t\t\t\t\t\t\tNossa Hist\u00f3ria\t\t\t\t\t\t<\/span>\n\t\t\t\t\t<\/h2>\n\t\t\t\t\n\t\t\t\t\t\t\t\t\t<p class=\"elementor-icon-box-description\">\n\t\t\t\t\t\tA ERGO SOLU\u00c7\u00d5ES nasceu com o prop\u00f3sito de transformar ambientes de trabalho em espa\u00e7os mais saud\u00e1veis, seguros e produtivos. Com uma equipe apaixonada por ergonomia e anos de experi\u00eancia no mercado, desenvolvemos solu\u00e7\u00f5es personalizadas que atendem \u00e0s necessidades reais de empresas e colaboradores. Ao longo da nossa trajet\u00f3ria, conquistamos a confian\u00e7a de diversos parceiros, sempre com foco na excel\u00eancia, inova\u00e7\u00e3o e no bem-estar das pessoas.\t\t\t\t\t<\/p>\n\t\t\t\t\n\t\t\t<\/div>\n\t\t\t\n\t\t<\/div>\n\t\t\t\t\t\t<\/div>\n\t\t\t\t<\/div>\n\t\t<div class=\"elementor-element elementor-element-29be4240 e-con-full e-flex elementor-invisible e-con e-child\" data-id=\"29be4240\" data-element_type=\"container\" data-settings=\"{&quot;animation&quot;:&quot;fadeInUp&quot;}\">\n\t\t\t\t<div class=\"elementor-element elementor-element-40269d elementor-widget elementor-widget-icon-box\" data-id=\"40269d\" data-element_type=\"widget\" data-widget_type=\"icon-box.default\">\n\t\t\t\t<div class=\"elementor-widget-container\">\n\t\t\t\t\t\t\t<div class=\"elementor-icon-box-wrapper\">\n\n\t\t\t\n\t\t\t\t\t\t<div class=\"elementor-icon-box-content\">\n\n\t\t\t\t\t\t\t\t\t<div class=\"elementor-icon-box-title\">\n\t\t\t\t\t\t<span  >\n\t\t\t\t\t\t\tNOSSA MISS\u00c3O\t\t\t\t\t\t<\/span>\n\t\t\t\t\t<\/div>\n\t\t\t\t\n\t\t\t\t\t\t\t\t\t<p class=\"elementor-icon-box-description\">\n\t\t\t\t\t\tNossa miss\u00e3o na ERGO SOLU\u00c7\u00d5ES \u00e9 promover sa\u00fade, seguran\u00e7a e bem-estar no ambiente de trabalho por meio de solu\u00e7\u00f5es ergon\u00f4micas eficazes e personalizadas. Atuamos com comprometimento e excel\u00eancia para transformar espa\u00e7os corporativos, prevenindo les\u00f5es, aumentando a produtividade e valorizando o capital humano de cada empresa. Queremos impactar vidas positivamente, criando ambientes mais saud\u00e1veis e sustent\u00e1veis para todos.\t\t\t\t\t<\/p>\n\t\t\t\t\n\t\t\t<\/div>\n\t\t\t\n\t\t<\/div>\n\t\t\t\t\t\t<\/div>\n\t\t\t\t<\/div>\n\t\t\t\t<\/div>\n\t\t<div class=\"elementor-element elementor-element-74ee6ab3 e-con-full e-flex elementor-invisible e-con e-child\" data-id=\"74ee6ab3\" data-element_type=\"container\" data-settings=\"{&quot;animation&quot;:&quot;fadeInUp&quot;}\">\n\t\t\t\t<div class=\"elementor-element elementor-element-3858b25e elementor-widget elementor-widget-icon-box\" data-id=\"3858b25e\" data-element_type=\"widget\" data-widget_type=\"icon-box.default\">\n\t\t\t\t<div class=\"elementor-widget-container\">\n\t\t\t\t\t\t\t<div class=\"elementor-icon-box-wrapper\">\n\n\t\t\t\n\t\t\t\t\t\t<div class=\"elementor-icon-box-content\">\n\n\t\t\t\t\t\t\t\t\t<div class=\"elementor-icon-box-title\">\n\t\t\t\t\t\t<span  >\n\t\t\t\t\t\t\tNOSSOS VALORES\t\t\t\t\t\t<\/span>\n\t\t\t\t\t<\/div>\n\t\t\t\t\n\t\t\t\t\t\t\t\t\t<p class=\"elementor-icon-box-description\">\n\t\t\t\t\t\tNa ERGO SOLU\u00c7\u00d5ES, nossos valores s\u00e3o o alicerce de tudo o que fazemos:\n\nComprometimento: Atuamos com seriedade e dedica\u00e7\u00e3o em cada projeto, buscando sempre os melhores resultados para nossos clientes.\nExcel\u00eancia: Entregamos servi\u00e7os com alto padr\u00e3o de qualidade, pautados em conhecimento t\u00e9cnico e atualiza\u00e7\u00e3o constante.\n\u00c9tica: Valorizamos a transpar\u00eancia, o respeito e a integridade em todas as nossas rela\u00e7\u00f5es.\nInova\u00e7\u00e3o: Buscamos constantemente novas solu\u00e7\u00f5es e tecnologias para oferecer ergonomia moderna e eficaz.\nValoriza\u00e7\u00e3o humana: Acreditamos que cuidar das pessoas \u00e9 o primeiro passo para transformar qualquer ambiente de trabalho.\t\t\t\t\t<\/p>\n\t\t\t\t\n\t\t\t<\/div>\n\t\t\t\n\t\t<\/div>\n\t\t\t\t\t\t<\/div>\n\t\t\t\t<\/div>\n\t\t\t\t<\/div>\n\t\t<div class=\"elementor-element elementor-element-4c50caa4 e-con-full e-flex elementor-invisible e-con e-child\" data-id=\"4c50caa4\" data-element_type=\"container\" data-settings=\"{&quot;animation&quot;:&quot;fadeInUp&quot;}\">\n\t\t\t\t<div class=\"elementor-element elementor-element-2bcb079c elementor-widget elementor-widget-icon-box\" data-id=\"2bcb079c\" data-element_type=\"widget\" data-widget_type=\"icon-box.default\">\n\t\t\t\t<div class=\"elementor-widget-container\">\n\t\t\t\t\t\t\t<div class=\"elementor-icon-box-wrapper\">\n\n\t\t\t\n\t\t\t\t\t\t<div class=\"elementor-icon-box-content\">\n\n\t\t\t\t\t\t\t\t\t<div class=\"elementor-icon-box-title\">\n\t\t\t\t\t\t<span  >\n\t\t\t\t\t\t\tNOSSSA VIS\u00c3O\t\t\t\t\t\t<\/span>\n\t\t\t\t\t<\/div>\n\t\t\t\t\n\t\t\t\t\t\t\t\t\t<p class=\"elementor-icon-box-description\">\n\t\t\t\t\t\tNossa vis\u00e3o na ERGO SOLU\u00c7\u00d5ES \u00e9 ser refer\u00eancia nacional em solu\u00e7\u00f5es ergon\u00f4micas, reconhecida pela excel\u00eancia, inova\u00e7\u00e3o e impacto positivo na sa\u00fade e bem-estar dos trabalhadores. Buscamos constantemente evoluir, antecipar as necessidades do mercado e transformar ambientes corporativos em espa\u00e7os mais seguros, produtivos e humanos. Queremos inspirar uma nova cultura organizacional, onde a ergonomia seja vista como investimento essencial para o crescimento sustent\u00e1vel das empresas.\t\t\t\t\t<\/p>\n\t\t\t\t\n\t\t\t<\/div>\n\t\t\t\n\t\t<\/div>\n\t\t\t\t\t\t<\/div>\n\t\t\t\t<\/div>\n\t\t\t\t<\/div>\n\t\t\t\t<\/div>\n\t\t\t\t\t<\/div>\n\t\t\t\t<\/div>\n\t\t\t\t<\/div>\n\t\t","protected":false},"excerpt":{"rendered":"<p>Sobre n\u00f3s Profissionais experientes transformam desafios em solu\u00e7\u00f5es com efici\u00eancia e precis\u00e3o. Unimos experi\u00eancia, criatividade e excel\u00eancia t\u00e9cnica para entregarmos projetos que superam as expectativas. Tornando espa\u00e7os em espa\u00e7os funcionais. Uma consultoria bem feita vai al\u00e9m do diagn\u00f3stico \u2013 ela entrega solu\u00e7\u00f5es eficientes e personalizadas. Na ERGO SOLU\u00c7\u00d5ES, unimos experi\u00eancia e tecnologia para otimizar o [&hellip;]<\/p>\n","protected":false},"author":1,"featured_media":0,"parent":0,"menu_order":0,"comment_status":"closed","ping_status":"closed","template":"elementor_header_footer","meta":{"_joinchat":[],"footnotes":""},"class_list":["post-12","page","type-page","status-publish","hentry"],"_hostinger_reach_plugin_has_subscription_block":false,"_hostinger_reach_plugin_is_elementor":false,"_links":{"self":[{"href":"https:\/\/ergosolucoes.com.br\/index.php?rest_route=\/wp\/v2\/pages\/12","targetHints":{"allow":["GET"]}}],"collection":[{"href":"https:\/\/ergosolucoes.com.br\/index.php?rest_route=\/wp\/v2\/pages"}],"about":[{"href":"https:\/\/ergosolucoes.com.br\/index.php?rest_route=\/wp\/v2\/types\/page"}],"author":[{"embeddable":true,"href":"https:\/\/ergosolucoes.com.br\/index.php?rest_route=\/wp\/v2\/users\/1"}],"replies":[{"embeddable":true,"href":"https:\/\/ergosolucoes.com.br\/index.php?rest_route=%2Fwp%2Fv2%2Fcomments&post=12"}],"version-history":[{"count":7,"href":"https:\/\/ergosolucoes.com.br\/index.php?rest_route=\/wp\/v2\/pages\/12\/revisions"}],"predecessor-version":[{"id":290,"href":"https:\/\/ergosolucoes.com.br\/index.php?rest_route=\/wp\/v2\/pages\/12\/revisions\/290"}],"wp:attachment":[{"href":"https:\/\/ergosolucoes.com.br\/index.php?rest_route=%2Fwp%2Fv2%2Fmedia&parent=12"}],"curies":[{"name":"wp","href":"https:\/\/api.w.org\/{rel}","templated":true}]}}