{"id":3,"date":"2025-01-16T12:12:04","date_gmt":"2025-01-16T15:12:04","guid":{"rendered":"http:\/\/ergosolucoes.com.br\/?page_id=3"},"modified":"2025-04-18T23:07:17","modified_gmt":"2025-04-19T02:07:17","slug":"politica-de-privacidade","status":"publish","type":"page","link":"https:\/\/ergosolucoes.com.br\/?page_id=3","title":{"rendered":"Pol\u00edtica de privacidade"},"content":{"rendered":"\t\t<div data-elementor-type=\"wp-page\" data-elementor-id=\"3\" class=\"elementor elementor-3\" data-elementor-post-type=\"page\">\n\t\t\t\t<div class=\"elementor-element elementor-element-3d4d535c e-flex e-con-boxed e-con e-parent\" data-id=\"3d4d535c\" data-element_type=\"container\" data-settings=\"{&quot;background_background&quot;:&quot;gradient&quot;}\">\n\t\t\t\t\t<div class=\"e-con-inner\">\n\t\t<div class=\"elementor-element elementor-element-5402b6a e-con-full e-flex e-con e-child\" data-id=\"5402b6a\" data-element_type=\"container\">\n\t\t\t\t<div class=\"elementor-element elementor-element-694360e1 elementor-headline--style-highlight elementor-widget elementor-widget-animated-headline\" data-id=\"694360e1\" data-element_type=\"widget\" data-settings=\"{&quot;marker&quot;:&quot;underline&quot;,&quot;highlight_animation_duration&quot;:2800,&quot;headline_style&quot;:&quot;highlight&quot;}\" data-widget_type=\"animated-headline.default\">\n\t\t\t\t<div class=\"elementor-widget-container\">\n\t\t\t\t\t\t\t<h1 class=\"elementor-headline\">\n\t\t\t\t<span class=\"elementor-headline-dynamic-wrapper elementor-headline-text-wrapper\">\n\t\t\t\t<\/span>\n\t\t\t\t<\/h1>\n\t\t\t\t\t\t<\/div>\n\t\t\t\t<\/div>\n\t\t\t\t<\/div>\n\t\t\t\t\t<\/div>\n\t\t\t\t<\/div>\n\t\t<div class=\"elementor-element elementor-element-57499a68 e-flex e-con-boxed e-con e-parent\" data-id=\"57499a68\" data-element_type=\"container\">\n\t\t\t\t\t<div class=\"e-con-inner\">\n\t\t<div class=\"elementor-element elementor-element-2e7fbff5 e-con-full e-flex e-con e-child\" data-id=\"2e7fbff5\" data-element_type=\"container\" data-settings=\"{&quot;background_background&quot;:&quot;classic&quot;}\">\n\t\t\t\t<div class=\"elementor-element elementor-element-23371ee elementor-widget elementor-widget-text-editor\" data-id=\"23371ee\" data-element_type=\"widget\" data-widget_type=\"text-editor.default\">\n\t\t\t\t<div class=\"elementor-widget-container\">\n\t\t\t\t\t\t\t\t\t<h2><span style=\"font-weight: bolder;color: #07263a;font-family: Poppins, sans-serif;font-size: 56px\">Pol\u00edtica de Privacidade\u00a0<\/span><\/h2><ul style=\"font-size: 16px;background-color: #ffffff;color: #656565;font-family: Mulish, sans-serif\"><li style=\"list-style-type: none;margin-bottom: 2px;font-size: 16px\">Seja Bem-vindo! Sua privacidade \u00e9 importante para n\u00f3s, e estamos comprometidos em proteger os seus dados pessoais. Esta Pol\u00edtica de Privacidade explica como coletamos, usamos, compartilhamos e protegemos suas informa\u00e7\u00f5es. Ao utilizar nosso site, voc\u00ea concorda com os termos descritos nesta pol\u00edtica.<\/li><\/ul><ol style=\"font-size: 16px;background-color: #ffffff;color: #656565;font-family: Mulish, sans-serif\"><li style=\"list-style-type: none;margin-bottom: 2px;font-size: 16px\">\u00a0<\/li><\/ol><ol style=\"font-size: 16px;background-color: #ffffff;color: #656565;font-family: Mulish, sans-serif\"><li style=\"list-style-type: none;margin-bottom: 2px;font-size: 16px\"><ol style=\"font-size: 16px\"><li style=\"list-style-type: none;margin-bottom: 2px;font-size: 16px\"><span style=\"font-weight: bolder\">Informa\u00e7\u00f5es que Coletamos<\/span><\/li><li style=\"list-style-type: none;margin-bottom: 2px;font-size: 16px\">Podemos coletar os seguintes dados:<\/li><\/ol><\/li><\/ol><ul style=\"font-size: 16px;background-color: #ffffff;color: #656565;font-family: Mulish, sans-serif\"><li style=\"list-style-type: none;margin-bottom: 2px;font-size: 16px\">\u00a0<\/li><\/ul><ul style=\"font-size: 16px;background-color: #ffffff;color: #656565;font-family: Mulish, sans-serif\"><li style=\"list-style-type: none;margin-bottom: 2px;font-size: 16px\"><ul style=\"font-size: 16px\"><li style=\"list-style-type: none;margin-bottom: 2px;font-size: 16px\">\u00a0<\/li><li style=\"list-style-type: none;margin-bottom: 2px;font-size: 16px\"><span style=\"font-weight: bolder\">Informa\u00e7\u00f5es fornecidas por voc\u00ea:<\/span>\u00a0Nome, e-mail, telefone e quaisquer outros dados enviados por meio de formul\u00e1rios de contato ou inscri\u00e7\u00e3o.<\/li><\/ul><\/li><\/ul><ul style=\"font-size: 16px;background-color: #ffffff;color: #656565;font-family: Mulish, sans-serif\"><li style=\"list-style-type: none;margin-bottom: 2px;font-size: 16px\"><ul style=\"font-size: 16px\"><li style=\"list-style-type: none;margin-bottom: 2px;font-size: 16px\"><span style=\"font-weight: bolder\">Dados de navega\u00e7\u00e3o:<\/span>\u00a0Endere\u00e7o IP, localiza\u00e7\u00e3o geogr\u00e1fica, tipo de navegador, tempo de perman\u00eancia e p\u00e1ginas visitadas.<\/li><\/ul><\/li><\/ul><ul style=\"font-size: 16px;background-color: #ffffff;color: #656565;font-family: Mulish, sans-serif\"><li style=\"list-style-type: none;margin-bottom: 2px;font-size: 16px\"><ul style=\"font-size: 16px\"><li style=\"list-style-type: none;margin-bottom: 2px;font-size: 16px\"><span style=\"font-weight: bolder\">Cookies:<\/span>\u00a0Utilizamos cookies para melhorar sua experi\u00eancia de navega\u00e7\u00e3o e personalizar o conte\u00fado do site.<\/li><\/ul><\/li><\/ul><ol style=\"font-size: 16px;background-color: #ffffff;color: #656565;font-family: Mulish, sans-serif\" start=\"2\"><li style=\"list-style-type: none;margin-bottom: 2px;font-size: 16px\">\u00a0<\/li><\/ol><ol style=\"font-size: 16px;background-color: #ffffff;color: #656565;font-family: Mulish, sans-serif\" start=\"2\"><li style=\"list-style-type: none;margin-bottom: 2px;font-size: 16px\"><ol style=\"font-size: 16px\" start=\"2\"><li style=\"list-style-type: none;margin-bottom: 2px;font-size: 16px\"><span style=\"font-weight: bolder\">Como Utilizamos os Dados<\/span><\/li><li style=\"list-style-type: none;margin-bottom: 2px;font-size: 16px\">Os dados coletados s\u00e3o utilizados para:<\/li><\/ol><\/li><\/ol><ul style=\"font-size: 16px;background-color: #ffffff;color: #656565;font-family: Mulish, sans-serif\"><li style=\"list-style-type: none;margin-bottom: 2px;font-size: 16px\">\u00a0<\/li><\/ul><ul style=\"font-size: 16px;background-color: #ffffff;color: #656565;font-family: Mulish, sans-serif\"><li style=\"list-style-type: none;margin-bottom: 2px;font-size: 16px\"><ul style=\"font-size: 16px\"><li style=\"list-style-type: none;margin-bottom: 2px;font-size: 16px\">Entrar em contato com voc\u00ea, responder suas d\u00favidas ou processar solicita\u00e7\u00f5es enviadas.<\/li><\/ul><\/li><\/ul><ul style=\"font-size: 16px;background-color: #ffffff;color: #656565;font-family: Mulish, sans-serif\"><li style=\"list-style-type: none;margin-bottom: 2px;font-size: 16px\"><ul style=\"font-size: 16px\"><li style=\"list-style-type: none;margin-bottom: 2px;font-size: 16px\">Enviar informa\u00e7\u00f5es, atualiza\u00e7\u00f5es ou materiais relacionados \u00e0 ergonomia, quando autorizado.<\/li><\/ul><\/li><\/ul><ul style=\"font-size: 16px;background-color: #ffffff;color: #656565;font-family: Mulish, sans-serif\"><li style=\"list-style-type: none;margin-bottom: 2px;font-size: 16px\"><ul style=\"font-size: 16px\"><li style=\"list-style-type: none;margin-bottom: 2px;font-size: 16px\">Melhorar nossos servi\u00e7os, produtos e conte\u00fados dispon\u00edveis no site.<\/li><\/ul><\/li><\/ul><ul style=\"font-size: 16px;background-color: #ffffff;color: #656565;font-family: Mulish, sans-serif\"><li style=\"list-style-type: none;margin-bottom: 2px;font-size: 16px\"><ul style=\"font-size: 16px\"><li style=\"list-style-type: none;margin-bottom: 2px;font-size: 16px\">Garantir a seguran\u00e7a do site e prevenir atividades n\u00e3o autorizadas ou fraudulentas.<\/li><\/ul><\/li><\/ul><ol style=\"font-size: 16px;background-color: #ffffff;color: #656565;font-family: Mulish, sans-serif\" start=\"3\"><li style=\"list-style-type: none;margin-bottom: 2px;font-size: 16px\">\u00a0<\/li><\/ol><ol style=\"font-size: 16px;background-color: #ffffff;color: #656565;font-family: Mulish, sans-serif\" start=\"3\"><li style=\"list-style-type: none;margin-bottom: 2px;font-size: 16px\"><ol style=\"font-size: 16px\" start=\"3\"><li style=\"list-style-type: none;margin-bottom: 2px;font-size: 16px\"><span style=\"font-weight: bolder\">Compartilhamento de Informa\u00e7\u00f5es<\/span><\/li><li style=\"list-style-type: none;margin-bottom: 2px;font-size: 16px\">Seus dados n\u00e3o ser\u00e3o vendidos ou compartilhados com terceiros, exceto:<\/li><\/ol><\/li><\/ol><ul style=\"font-size: 16px;background-color: #ffffff;color: #656565;font-family: Mulish, sans-serif\"><li style=\"list-style-type: none;margin-bottom: 2px;font-size: 16px\">\u00a0<\/li><\/ul><ul style=\"font-size: 16px;background-color: #ffffff;color: #656565;font-family: Mulish, sans-serif\"><li style=\"list-style-type: none;margin-bottom: 2px;font-size: 16px\"><ul style=\"font-size: 16px\"><li style=\"list-style-type: none;margin-bottom: 2px;font-size: 16px\">Quando exigido por lei ou em resposta a solicita\u00e7\u00f5es de autoridades legais.<\/li><\/ul><\/li><\/ul><ul style=\"font-size: 16px;background-color: #ffffff;color: #656565;font-family: Mulish, sans-serif\"><li style=\"list-style-type: none;margin-bottom: 2px;font-size: 16px\"><ul style=\"font-size: 16px\"><li style=\"list-style-type: none;margin-bottom: 2px;font-size: 16px\">Com fornecedores de servi\u00e7os que nos ajudam a operar o site, desde que respeitem esta Pol\u00edtica de Privacidade.<\/li><\/ul><\/li><\/ul><ol style=\"font-size: 16px;background-color: #ffffff;color: #656565;font-family: Mulish, sans-serif\" start=\"4\"><li style=\"list-style-type: none;margin-bottom: 2px;font-size: 16px\">\u00a0<\/li><\/ol><ol style=\"font-size: 16px;background-color: #ffffff;color: #656565;font-family: Mulish, sans-serif\" start=\"4\"><li style=\"list-style-type: none;margin-bottom: 2px;font-size: 16px\"><ol style=\"font-size: 16px\" start=\"4\"><li style=\"list-style-type: none;margin-bottom: 2px;font-size: 16px\"><span style=\"font-weight: bolder\">Direitos dos Usu\u00e1rios<\/span><\/li><li style=\"list-style-type: none;margin-bottom: 2px;font-size: 16px\">De acordo com a LGPD, voc\u00ea tem os seguintes direitos:<\/li><\/ol><\/li><\/ol><ul style=\"font-size: 16px;background-color: #ffffff;color: #656565;font-family: Mulish, sans-serif\"><li style=\"list-style-type: none;margin-bottom: 2px;font-size: 16px\">\u00a0<\/li><\/ul><ul style=\"font-size: 16px;background-color: #ffffff;color: #656565;font-family: Mulish, sans-serif\"><li style=\"list-style-type: none;margin-bottom: 2px;font-size: 16px\"><ul style=\"font-size: 16px\"><li style=\"list-style-type: none;margin-bottom: 2px;font-size: 16px\"><span style=\"font-weight: bolder\">Confirma\u00e7\u00e3o e acesso:<\/span>\u00a0Solicitar a confirma\u00e7\u00e3o da exist\u00eancia de tratamento de seus dados e acessar as informa\u00e7\u00f5es que mantemos sobre voc\u00ea.<\/li><\/ul><\/li><\/ul><ul style=\"font-size: 16px;background-color: #ffffff;color: #656565;font-family: Mulish, sans-serif\"><li style=\"list-style-type: none;margin-bottom: 2px;font-size: 16px\"><ul style=\"font-size: 16px\"><li style=\"list-style-type: none;margin-bottom: 2px;font-size: 16px\"><span style=\"font-weight: bolder\">Corre\u00e7\u00e3o:<\/span>\u00a0Pedir a atualiza\u00e7\u00e3o ou corre\u00e7\u00e3o de dados pessoais incompletos, inexatos ou desatualizados.<\/li><\/ul><\/li><\/ul><ul style=\"font-size: 16px;background-color: #ffffff;color: #656565;font-family: Mulish, sans-serif\"><li style=\"list-style-type: none;margin-bottom: 2px;font-size: 16px\"><ul style=\"font-size: 16px\"><li style=\"list-style-type: none;margin-bottom: 2px;font-size: 16px\"><span style=\"font-weight: bolder\">Exclus\u00e3o:<\/span>\u00a0Solicitar a exclus\u00e3o de seus dados pessoais, exceto quando o tratamento for necess\u00e1rio para cumprir obriga\u00e7\u00f5es legais.<\/li><\/ul><\/li><\/ul><ul style=\"font-size: 16px;background-color: #ffffff;color: #656565;font-family: Mulish, sans-serif\"><li style=\"list-style-type: none;margin-bottom: 2px;font-size: 16px\"><ul style=\"font-size: 16px\"><li style=\"list-style-type: none;margin-bottom: 2px;font-size: 16px\"><span style=\"font-weight: bolder\">Revoga\u00e7\u00e3o do consentimento:<\/span>\u00a0Retirar o consentimento para o uso de seus dados a qualquer momento.<\/li><li style=\"list-style-type: none;margin-bottom: 2px;font-size: 16px\">\u00a0<\/li><li style=\"list-style-type: none;margin-bottom: 2px;font-size: 16px\">Para exercer seus direitos, entre em contato conosco pelo e-mail:\u00a0<span style=\"font-weight: bolder\"><span style=\"font-weight: bolder\">contato@ergosolucoes.com.br<\/span><\/span>.<\/li><\/ul><\/li><\/ul><ol style=\"font-size: 16px;background-color: #ffffff;color: #656565;font-family: Mulish, sans-serif\" start=\"5\"><li style=\"list-style-type: none;margin-bottom: 2px;font-size: 16px\">\u00a0<\/li><\/ol><ol style=\"font-size: 16px;background-color: #ffffff;color: #656565;font-family: Mulish, sans-serif\" start=\"5\"><li style=\"list-style-type: none;margin-bottom: 2px;font-size: 16px\"><ol style=\"font-size: 16px\" start=\"5\"><li style=\"list-style-type: none;margin-bottom: 2px;font-size: 16px\"><span style=\"font-weight: bolder\">Seguran\u00e7a das Informa\u00e7\u00f5es<\/span><\/li><li style=\"list-style-type: none;margin-bottom: 2px;font-size: 16px\">Adotamos medidas t\u00e9cnicas e organizacionais para proteger seus dados contra acessos n\u00e3o autorizados, uso indevido, perda ou altera\u00e7\u00e3o. No entanto, nenhum sistema \u00e9 completamente seguro, e n\u00e3o podemos garantir a seguran\u00e7a absoluta dos dados.<\/li><\/ol><\/li><\/ol><ol style=\"font-size: 16px;background-color: #ffffff;color: #656565;font-family: Mulish, sans-serif\" start=\"6\"><li style=\"list-style-type: none;margin-bottom: 2px;font-size: 16px\">\u00a0<\/li><\/ol><ol style=\"font-size: 16px;background-color: #ffffff;color: #656565;font-family: Mulish, sans-serif\" start=\"6\"><li style=\"list-style-type: none;margin-bottom: 2px;font-size: 16px\"><ol style=\"font-size: 16px\" start=\"6\"><li style=\"list-style-type: none;margin-bottom: 2px;font-size: 16px\"><span style=\"font-weight: bolder\">Uso de Cookies<\/span><\/li><li style=\"list-style-type: none;margin-bottom: 2px;font-size: 16px\">Nosso site utiliza cookies para melhorar a experi\u00eancia do usu\u00e1rio. Voc\u00ea pode gerenciar ou desativar os cookies diretamente em seu navegador.<\/li><\/ol><\/li><\/ol><ol style=\"font-size: 16px;background-color: #ffffff;color: #656565;font-family: Mulish, sans-serif\" start=\"7\"><li style=\"list-style-type: none;margin-bottom: 2px;font-size: 16px\">\u00a0<\/li><\/ol><ol style=\"font-size: 16px;background-color: #ffffff;color: #656565;font-family: Mulish, sans-serif\" start=\"7\"><li style=\"list-style-type: none;margin-bottom: 2px;font-size: 16px\"><ol style=\"font-size: 16px\" start=\"7\"><li style=\"list-style-type: none;margin-bottom: 2px;font-size: 16px\"><span style=\"font-weight: bolder\">Altera\u00e7\u00f5es nesta Pol\u00edtica de Privacidade<\/span><\/li><li style=\"list-style-type: none;margin-bottom: 2px;font-size: 16px\">Podemos atualizar esta pol\u00edtica periodicamente. Recomendamos que voc\u00ea revise esta p\u00e1gina regularmente para estar ciente de quaisquer mudan\u00e7as. As altera\u00e7\u00f5es entrar\u00e3o em vigor imediatamente ap\u00f3s a publica\u00e7\u00e3o no site.<\/li><\/ol><\/li><\/ol><ol style=\"font-size: 16px;background-color: #ffffff;color: #656565;font-family: Mulish, sans-serif\" start=\"8\"><li style=\"list-style-type: none;margin-bottom: 2px;font-size: 16px\">\u00a0<\/li><\/ol><ol style=\"font-size: 16px;background-color: #ffffff;color: #656565;font-family: Mulish, sans-serif\" start=\"8\"><li style=\"list-style-type: none;margin-bottom: 2px;font-size: 16px\"><ol style=\"font-size: 16px\" start=\"8\"><li style=\"list-style-type: none;margin-bottom: 2px;font-size: 16px\"><span style=\"font-weight: bolder\">Contato<\/span><\/li><li style=\"list-style-type: none;margin-bottom: 2px;font-size: 16px\">Se tiver d\u00favidas sobre esta Pol\u00edtica de Privacidade ou sobre o tratamento de seus dados, entre em contato conosco:<\/li><li style=\"list-style-type: none;margin-bottom: 2px;font-size: 16px\"><span style=\"font-weight: bolder\">ERGO SOLU\u00c7\u00d5ES<\/span><\/li><li style=\"list-style-type: none;margin-bottom: 2px;font-size: 16px\">E-mail:\u00a0<span style=\"font-weight: bolder\">contato@ergosolucoes.com.br<\/span><\/li><li style=\"list-style-type: none;margin-bottom: 2px;font-size: 16px\">Telefone:\u00a0<span style=\"font-weight: bolder\">(51) 98118-6994<\/span><\/li><li style=\"list-style-type: none;margin-bottom: 2px;font-size: 16px\">\u00a0<\/li><li style=\"list-style-type: none;margin-bottom: 2px;font-size: 16px\">Esta Pol\u00edtica de Privacidade foi atualizada em:\u00a0<span style=\"font-weight: bolder\">18\/04\/2025<\/span><\/li><\/ol><\/li><\/ol>\t\t\t\t\t\t\t\t<\/div>\n\t\t\t\t<\/div>\n\t\t\t\t<\/div>\n\t\t\t\t\t<\/div>\n\t\t\t\t<\/div>\n\t\t<div class=\"elementor-element elementor-element-3966dadc e-con-full e-flex e-con e-parent\" data-id=\"3966dadc\" data-element_type=\"container\">\n\t\t\t\t<\/div>\n\t\t\t\t<\/div>\n\t\t","protected":false},"excerpt":{"rendered":"<p>Pol\u00edtica de Privacidade\u00a0 Seja Bem-vindo! Sua privacidade \u00e9 importante para n\u00f3s, e estamos comprometidos em proteger os seus dados pessoais. Esta Pol\u00edtica de Privacidade explica como coletamos, usamos, compartilhamos e protegemos suas informa\u00e7\u00f5es. Ao utilizar nosso site, voc\u00ea concorda com os termos descritos nesta pol\u00edtica. \u00a0 Informa\u00e7\u00f5es que Coletamos Podemos coletar os seguintes dados: \u00a0 [&hellip;]<\/p>\n","protected":false},"author":1,"featured_media":0,"parent":0,"menu_order":0,"comment_status":"closed","ping_status":"open","template":"elementor_header_footer","meta":{"_joinchat":[],"footnotes":""},"class_list":["post-3","page","type-page","status-publish","hentry"],"_hostinger_reach_plugin_has_subscription_block":false,"_hostinger_reach_plugin_is_elementor":false,"_links":{"self":[{"href":"https:\/\/ergosolucoes.com.br\/index.php?rest_route=\/wp\/v2\/pages\/3","targetHints":{"allow":["GET"]}}],"collection":[{"href":"https:\/\/ergosolucoes.com.br\/index.php?rest_route=\/wp\/v2\/pages"}],"about":[{"href":"https:\/\/ergosolucoes.com.br\/index.php?rest_route=\/wp\/v2\/types\/page"}],"author":[{"embeddable":true,"href":"https:\/\/ergosolucoes.com.br\/index.php?rest_route=\/wp\/v2\/users\/1"}],"replies":[{"embeddable":true,"href":"https:\/\/ergosolucoes.com.br\/index.php?rest_route=%2Fwp%2Fv2%2Fcomments&post=3"}],"version-history":[{"count":13,"href":"https:\/\/ergosolucoes.com.br\/index.php?rest_route=\/wp\/v2\/pages\/3\/revisions"}],"predecessor-version":[{"id":276,"href":"https:\/\/ergosolucoes.com.br\/index.php?rest_route=\/wp\/v2\/pages\/3\/revisions\/276"}],"wp:attachment":[{"href":"https:\/\/ergosolucoes.com.br\/index.php?rest_route=%2Fwp%2Fv2%2Fmedia&parent=3"}],"curies":[{"name":"wp","href":"https:\/\/api.w.org\/{rel}","templated":true}]}}